{"id":117,"date":"2014-05-13T11:49:53","date_gmt":"2014-05-13T09:49:53","guid":{"rendered":"http:\/\/blog.schlossbibliothek.de\/?page_id=117"},"modified":"2019-05-16T16:31:05","modified_gmt":"2019-05-16T14:31:05","slug":"hermann-multhaupt","status":"publish","type":"page","link":"https:\/\/www.schlosseulen.de\/?page_id=117","title":{"rendered":"Hermann Multhaupt"},"content":{"rendered":"<p><b>Multhaupt, Hermann<\/b>, geb. 7. April 1937 in Beverungen. Journalist in Karlsruhe, Offenburg, Mannheim und in der bayrischen Oberpfalz sowie in Baden-Baden. Von 1979 bis 2000 Chefredakteur der Kirchenzeitung \u201eDer Dom\u201c in Paderborn. Er schrieb etwa 80 B\u00fccher, darunter Romane, Mediationsb\u00e4nde, Geschenkb\u00fccher, Tageb\u00fccher aus Argentinien und Brasilien. Multhaupt gilt mit dem ev. Pfarrer Manfred Wester als Wiederentdecker irischer Segensw\u00fcnsche, von denen er zahlreiche B\u00e4nde herausgab. Die Auflagen haben die 500 000-Grenze \u00fcberschritten. Daf\u00fcr bekam er ein Dankschreiben der irischen Pr\u00e4sidentin Marie Mac Aleese. Er erhielt mehrere Lyrikpreise sowie ein Arbeitsstipendium des Landes NRW. F\u00fcr seine kirchlich engagierte T\u00e4tigkeit bekam er 1981 den Journalistenpreis der Deutschen Bischofskonferenz. Im Verzeichnis der Deutschen Nationalbibliothek Leipzig war er bis Ende 2011 mit 175 Publikationen vertreten.<\/p>\n<p style=\"text-align: right;\"><a title=\"Von der Weser nach Cat Spring\" href=\"http:\/\/blog.schlossbibliothek.de\/\">&lt;&lt; zur\u00fcck<\/a><\/p>\n","protected":false},"excerpt":{"rendered":"<p>Multhaupt, Hermann, geb. 7. April 1937 in Beverungen. Journalist in Karlsruhe, Offenburg, Mannheim und in der bayrischen Oberpfalz sowie in Baden-Baden. Von 1979 bis 2000 Chefredakteur der Kirchenzeitung \u201eDer Dom\u201c in Paderborn. Er schrieb etwa 80 B\u00fccher, darunter Romane, Mediationsb\u00e4nde, Geschenkb\u00fccher, Tageb\u00fccher aus Argentinien und Brasilien. Multhaupt gilt mit dem ev. Pfarrer Manfred Wester als &hellip; <a href=\"https:\/\/www.schlosseulen.de\/?page_id=117\" class=\"more-link\"><span class=\"screen-reader-text\">Hermann Multhaupt<\/span> weiterlesen <span class=\"meta-nav\">&rarr;<\/span><\/a><\/p>\n","protected":false},"author":3,"featured_media":0,"parent":0,"menu_order":0,"comment_status":"closed","ping_status":"closed","template":"","meta":{"footnotes":""},"class_list":["post-117","page","type-page","status-publish","hentry"],"_links":{"self":[{"href":"https:\/\/www.schlosseulen.de\/index.php?rest_route=\/wp\/v2\/pages\/117","targetHints":{"allow":["GET"]}}],"collection":[{"href":"https:\/\/www.schlosseulen.de\/index.php?rest_route=\/wp\/v2\/pages"}],"about":[{"href":"https:\/\/www.schlosseulen.de\/index.php?rest_route=\/wp\/v2\/types\/page"}],"author":[{"embeddable":true,"href":"https:\/\/www.schlosseulen.de\/index.php?rest_route=\/wp\/v2\/users\/3"}],"replies":[{"embeddable":true,"href":"https:\/\/www.schlosseulen.de\/index.php?rest_route=%2Fwp%2Fv2%2Fcomments&post=117"}],"version-history":[{"count":3,"href":"https:\/\/www.schlosseulen.de\/index.php?rest_route=\/wp\/v2\/pages\/117\/revisions"}],"predecessor-version":[{"id":157,"href":"https:\/\/www.schlosseulen.de\/index.php?rest_route=\/wp\/v2\/pages\/117\/revisions\/157"}],"wp:attachment":[{"href":"https:\/\/www.schlosseulen.de\/index.php?rest_route=%2Fwp%2Fv2%2Fmedia&parent=117"}],"curies":[{"name":"wp","href":"https:\/\/api.w.org\/{rel}","templated":true}]}}