{"id":261,"date":"2015-10-09T11:49:31","date_gmt":"2015-10-09T09:49:31","guid":{"rendered":"http:\/\/blog.schlossbibliothek.de\/?page_id=261"},"modified":"2019-05-16T16:31:24","modified_gmt":"2019-05-16T14:31:24","slug":"monika-kopatz","status":"publish","type":"page","link":"https:\/\/www.schlosseulen.de\/?page_id=261","title":{"rendered":"Monika Kopatz"},"content":{"rendered":"<p style=\"font-weight: normal; margin-bottom: 0cm; orphans: 1;\"><span style=\"font-family: Arial, serif;\"><span style=\"font-size: medium;\">Monika Kopatz ist in Paderborn geboren. Durch den mit Leidenschaft erz\u00e4hlenden Vater wurde bei ihr sehr fr\u00fch die Liebe zur Literatur geweckt und sie begann zu schreiben. 2003 wurde ihr erster Buch ver\u00f6ffentlicht. Sie schloss sich der Literaturwerkstatt des Medienzentrums Paderborn an, ebenso dem Frauenforum Kultur der Gleichstellungsstelle Paderborn und dem Literaturzirkel der jungen Literaten: Poetry Slam und Lyriker Lounge. 2009 wurde ihr der Literaturpreis der Stadt Paderborn verliehen.<\/span><\/span><\/p>\n<p style=\"font-weight: normal; margin-bottom: 0cm; orphans: 1;\"><span style=\"font-family: Arial, serif;\"><span style=\"font-size: medium;\">Den gr\u00f6\u00dften Raum in ihrem Leben, neben dem Schreiben und Lesen, nimmt ihre Familie ein. Die Senne und die F\u00f6rderung benachteiligter Kinder sind f\u00fcr sie eine Herzensangelegenheit. Sie reist viel und liebt die Geselligkeit mit Freunden, die sie gerne bekocht.<\/span><\/span><\/p>\n<p style=\"font-weight: normal; margin-bottom: 0cm; orphans: 1;\"><span style=\"font-family: Arial, serif;\"><span style=\"font-size: medium;\">Bisher erschienene B\u00fccher:<\/span><\/span><\/p>\n<p style=\"font-weight: normal; margin-bottom: 0cm; orphans: 1;\"><span style=\"font-family: Arial, serif;\"><span style=\"font-size: medium;\">2003 <\/span><\/span>Sennesand und Muckefuck, MuNe Verlag, Paderborn<\/p>\n<p style=\"font-weight: normal; margin-bottom: 0cm; orphans: 1;\"><span style=\"font-family: Arial, serif;\"><span style=\"font-size: medium;\">2004 <\/span><\/span><span id=\"productTitle\" class=\"a-size-large\">In inniger Feindschaft, MuNe Verlag, Paderborn<\/span><\/p>\n<p style=\"font-weight: normal; margin-bottom: 0cm; orphans: 1;\"><span style=\"font-family: Arial, serif;\"><span style=\"font-size: medium;\">2007 <\/span><\/span><span id=\"productTitle\" class=\"a-size-large\">Brief nach Apulien, House of the Poets, Paderborn-Paris<\/span><\/p>\n<p style=\"font-weight: normal; margin-bottom: 0cm; orphans: 1;\"><span style=\"font-family: Arial, serif;\"><span style=\"font-size: medium;\">2009 <\/span><\/span><span id=\"productTitle\" class=\"a-size-large\">Das verschenkte Kind<\/span>, House of the Poets, Paderborn-Paris<\/p>\n<p style=\"font-weight: normal; margin-bottom: 0cm; orphans: 1;\"><span style=\"font-family: Arial, serif;\"><span style=\"font-size: medium;\">Es gab zudem viele Ver\u00f6ffentlichungen in Anthologien und Zeitschriften. Die letzte Oktober 2013, anl\u00e4sslich des zehnj\u00e4hrigen Bestehens des Paderborner Literaturforums, erschienen bei Linnemann, Paderborn.<\/span><\/span><\/p>\n","protected":false},"excerpt":{"rendered":"<p>Monika Kopatz ist in Paderborn geboren. Durch den mit Leidenschaft erz\u00e4hlenden Vater wurde bei ihr sehr fr\u00fch die Liebe zur Literatur geweckt und sie begann zu schreiben. 2003 wurde ihr erster Buch ver\u00f6ffentlicht. Sie schloss sich der Literaturwerkstatt des Medienzentrums Paderborn an, ebenso dem Frauenforum Kultur der Gleichstellungsstelle Paderborn und dem Literaturzirkel der jungen Literaten: &hellip; <a href=\"https:\/\/www.schlosseulen.de\/?page_id=261\" class=\"more-link\"><span class=\"screen-reader-text\">Monika Kopatz<\/span> weiterlesen <span class=\"meta-nav\">&rarr;<\/span><\/a><\/p>\n","protected":false},"author":3,"featured_media":0,"parent":0,"menu_order":0,"comment_status":"closed","ping_status":"closed","template":"","meta":{"footnotes":""},"class_list":["post-261","page","type-page","status-publish","hentry"],"_links":{"self":[{"href":"https:\/\/www.schlosseulen.de\/index.php?rest_route=\/wp\/v2\/pages\/261","targetHints":{"allow":["GET"]}}],"collection":[{"href":"https:\/\/www.schlosseulen.de\/index.php?rest_route=\/wp\/v2\/pages"}],"about":[{"href":"https:\/\/www.schlosseulen.de\/index.php?rest_route=\/wp\/v2\/types\/page"}],"author":[{"embeddable":true,"href":"https:\/\/www.schlosseulen.de\/index.php?rest_route=\/wp\/v2\/users\/3"}],"replies":[{"embeddable":true,"href":"https:\/\/www.schlosseulen.de\/index.php?rest_route=%2Fwp%2Fv2%2Fcomments&post=261"}],"version-history":[{"count":8,"href":"https:\/\/www.schlosseulen.de\/index.php?rest_route=\/wp\/v2\/pages\/261\/revisions"}],"predecessor-version":[{"id":269,"href":"https:\/\/www.schlosseulen.de\/index.php?rest_route=\/wp\/v2\/pages\/261\/revisions\/269"}],"wp:attachment":[{"href":"https:\/\/www.schlosseulen.de\/index.php?rest_route=%2Fwp%2Fv2%2Fmedia&parent=261"}],"curies":[{"name":"wp","href":"https:\/\/api.w.org\/{rel}","templated":true}]}}