{"id":54,"date":"2014-01-27T22:32:41","date_gmt":"2014-01-27T20:32:41","guid":{"rendered":"http:\/\/blog.schlossbibliothek.de\/?page_id=54"},"modified":"2024-08-09T16:49:13","modified_gmt":"2024-08-09T14:49:13","slug":"54-2","status":"publish","type":"page","link":"https:\/\/www.schlosseulen.de\/?page_id=54","title":{"rendered":"Schlosseulen"},"content":{"rendered":"<div id=\"main_container\">\n<div id=\"sub_container2\">\n<h3 style=\"text-align: justify;\" align=\"center\">Wer sind wir?<\/h3>\n<p>Der Verein \u201eSCHLOSSEULEN \u2013 Initiative f\u00fcr die Schlo\u00dfbibliothek Schlo\u00df Neuhaus e.V.\u201c wurde 2011 gegr\u00fcndet, um den Fortbestand der Schlo\u00dfbibliothek zu gew\u00e4hrleisten. Ehrenamtliche \u00fcbernehmen den Leihverkehr der Bibliothek in den Nachmittags- und Samstagsschichten \u00a0und erm\u00f6glichen damit den Betrieb der Bibliothek im bisherigen Umfang. Bibliothekarische Arbeiten sowie der Leihverkehr in den Morgenstunden und nachmittags bis 15 Uhr werden weiterhin durch hauptamtliche, ausgebildete Bibliothekarinnen durchgef\u00fchrt.<\/p>\n<p>Die Schlosseulen organisieren sich selbst und \u00fcbernehmen mit jeweils drei Personen die Verantwortung f\u00fcr die Nachmittags- und Samstagsschichten. Dar\u00fcber hinaus f\u00fchren wir <a href=\"https:\/\/www.schlosseulen.de\/\">Veranstaltungen<\/a>\u00a0f\u00fcr die Nutzer der Schlo\u00dfbibliothek durch (Lesungen, kulturelle Veranstaltungen etc.).<\/p>\n<\/div>\n<p>Hier k\u00f6nnen Sie unsere <a href=\"https:\/\/schlosseulen.de\/wp-content\/uploads\/2023\/06\/Satzung-Schlosseulen_2023.pdf\" target=\"_blank\" rel=\"noopener\">Satzung<\/a>\u00a0einsehen.<\/p>\n<div id=\"sub_container2\">\n<h3>Wie werde ich Schlosseule?<\/h3>\n<p>Es gibt unterschiedliche M\u00f6glichkeiten, mit uns in Kontakt zu treten. Sie k\u00f6nnen einfach die Ehrenamtlichen w\u00e4hrend ihrer Dienstzeit in der Schlo\u00dfbibliothek ansprechen. Dann k\u00f6nnen Sie schon mal unverbindlich die Arbeit kennen lernen und \u00fcberlegen, ob sie sich eine Zusammenarbeit mit Ihren zuk\u00fcnftigen Kolleginnen und Kollegen vorstellen k\u00f6nnen. Bei Interesse k\u00f6nnen Sie dann einen Schnuppertermin vereinbaren.<\/p>\n<p>Sie k\u00f6nnen sich aber auch direkt \u00fcber das <a href=\"https:\/\/www.schlosseulen.de\/?page_id=11\">Kontaktformular<\/a> an den Verein wenden oder sich zun\u00e4chst hier auf unserer Homepage <a href=\"https:\/\/www.schlosseulen.de\/\">www.schlosseulen.de<\/a> informieren.<\/p>\n<h3>Wie kann ich die Schlosseulen unterst\u00fctzen?<\/h3>\n<p>Durch den Besuch der Schlo\u00dfbibliothek, durch Mitarbeit im Verein &#8211; und gern auch durch eine Geldspende f\u00fcr unsere Arbeit. Damit wir weiterhin Lesungen, Leseferien f\u00fcr Kinder und andere Veranstaltungen anbieten k\u00f6nnen. Als gemeinn\u00fctziger Verein stellen wir Ihnen gern bei Angabe einer Adresse eine Spendenbescheinigung aus, die Sie steuermindernd verwenden k\u00f6nnen.<br \/>\nUnsere Bankverbindung:<\/p>\n<p>SCHLOSSEULEN Initiative f\u00fcr die Schlo\u00dfbibliothek SN<br \/>\nVerbundVolksbank OWL eG<br \/>\nIBAN DE20 4726 0121 9515 2719 00<br \/>\nBIC DGPBDE3MXXX<\/p>\n<\/div>\n<\/div>\n","protected":false},"excerpt":{"rendered":"<p>Wer sind wir? Der Verein \u201eSCHLOSSEULEN \u2013 Initiative f\u00fcr die Schlo\u00dfbibliothek Schlo\u00df Neuhaus e.V.\u201c wurde 2011 gegr\u00fcndet, um den Fortbestand der Schlo\u00dfbibliothek zu gew\u00e4hrleisten. Ehrenamtliche \u00fcbernehmen den Leihverkehr der Bibliothek in den Nachmittags- und Samstagsschichten \u00a0und erm\u00f6glichen damit den Betrieb der Bibliothek im bisherigen Umfang. Bibliothekarische Arbeiten sowie der Leihverkehr in den Morgenstunden und nachmittags &hellip; <a href=\"https:\/\/www.schlosseulen.de\/?page_id=54\" class=\"more-link\"><span class=\"screen-reader-text\">Schlosseulen<\/span> weiterlesen <span class=\"meta-nav\">&rarr;<\/span><\/a><\/p>\n","protected":false},"author":3,"featured_media":0,"parent":0,"menu_order":0,"comment_status":"closed","ping_status":"closed","template":"","meta":{"footnotes":""},"class_list":["post-54","page","type-page","status-publish","hentry"],"_links":{"self":[{"href":"https:\/\/www.schlosseulen.de\/index.php?rest_route=\/wp\/v2\/pages\/54","targetHints":{"allow":["GET"]}}],"collection":[{"href":"https:\/\/www.schlosseulen.de\/index.php?rest_route=\/wp\/v2\/pages"}],"about":[{"href":"https:\/\/www.schlosseulen.de\/index.php?rest_route=\/wp\/v2\/types\/page"}],"author":[{"embeddable":true,"href":"https:\/\/www.schlosseulen.de\/index.php?rest_route=\/wp\/v2\/users\/3"}],"replies":[{"embeddable":true,"href":"https:\/\/www.schlosseulen.de\/index.php?rest_route=%2Fwp%2Fv2%2Fcomments&post=54"}],"version-history":[{"count":19,"href":"https:\/\/www.schlosseulen.de\/index.php?rest_route=\/wp\/v2\/pages\/54\/revisions"}],"predecessor-version":[{"id":1106,"href":"https:\/\/www.schlosseulen.de\/index.php?rest_route=\/wp\/v2\/pages\/54\/revisions\/1106"}],"wp:attachment":[{"href":"https:\/\/www.schlosseulen.de\/index.php?rest_route=%2Fwp%2Fv2%2Fmedia&parent=54"}],"curies":[{"name":"wp","href":"https:\/\/api.w.org\/{rel}","templated":true}]}}